{"id":141614,"date":"2025-06-26T17:34:38","date_gmt":"2025-06-26T15:34:38","guid":{"rendered":"https:\/\/awo-ausbildung.de\/awo_azubihelden_unterfranken\/?page_id=141614"},"modified":"2025-07-01T15:54:15","modified_gmt":"2025-07-01T13:54:15","slug":"impressum","status":"publish","type":"page","link":"https:\/\/awo-ausbildung.de\/awo_azubihelden_unterfranken\/impressum\/","title":{"rendered":"Impressum"},"content":{"rendered":"\n<h2 class=\"wp-block-heading\">Autor, Konzeption, Gestaltung, Fotos, Umsetzung<\/h2>\n\n\n\n<p>COMMWORK Werbeagentur GmbH<br>Deichstra\u00dfe 36b \u00b7 20459 Hamburg<br>Telefon: 040 325553-33<br>Telefax: 040 325553-34<br>E-Mail:&nbsp;<a href=\"&#109;&#x61;i&#108;&#x74;o&#58;&#x69;n&#102;&#x6f;&#64;&#99;&#x6f;m&#109;&#x77;o&#114;&#x6b;&#46;&#100;&#x65;\">&#105;&#110;&#x66;&#x6f;&#64;&#99;&#x6f;&#x6d;&#109;&#119;&#x6f;&#x72;&#107;&#46;&#x64;&#x65;<\/a><br>Internet:&nbsp;<a href=\"http:\/\/www.commwork.de\/\" target=\"_blank\" rel=\"noreferrer noopener\">www.commwork.de<\/a><\/p>\n\n\n\n<h4 class=\"wp-block-heading\">Haftungsausschluss<\/h4>\n\n\n\n<p>Das Copyright dieser Internetpr\u00e4senz bleibt allein beim Autor. Der Autor beh\u00e4lt sich das Recht vor, Teile der Seiten ohne gesonderte Ank\u00fcndigung zu ver\u00e4ndern, zu erg\u00e4nzen, zu l\u00f6schen oder die Ver\u00f6ffentlichung zeitweise oder endg\u00fcltig einzustellen. Die Internetseite wurde mit gr\u00f6\u00dftm\u00f6glicher Sorgfalt zusammengestellt, dennoch k\u00f6nnen Fehler nicht ausgeschlossen werden. Der Autor schlie\u00dft jegliche Haftung f\u00fcr Sch\u00e4den aus, die direkt oder indirekt durch die Benutzung dieser Internetseite entstehen.<\/p>\n\n\n\n<h4 class=\"wp-block-heading\">Haftung f\u00fcr Links<\/h4>\n\n\n\n<p>Trotz sorgf\u00e4ltiger inhaltlicher Kontrolle \u00fcbernimmt der Autor keine Haftung f\u00fcr die Inhalte externer Links. F\u00fcr den Inhalt der verlinkten Internetseiten sind ausschlie\u00dflich deren Betreiber verantwortlich. Bei Bekanntwerden von Rechtsverletzungen werden wir derartige Links umgehend entfernen.<\/p>\n\n\n\n<h4 class=\"wp-block-heading\">Urheberrecht<\/h4>\n\n\n\n<p>Die durch den Autor erstellten Inhalte und Werke auf dieser Internetseite unterliegen dem deutschen Urheberrecht. Die Vervielf\u00e4ltigung, Bearbeitung, Verbreitung und jede Art der Verwertung au\u00dferhalb der Grenzen des Urheberrechtes bed\u00fcrfen der schriftlichen Zustimmung des jeweiligen Autors bzw. Erstellers.<\/p>\n\n\n\n<h4 class=\"wp-block-heading\">Google Analytics<\/h4>\n\n\n\n<p>Diese Website benutzt Google Analytics, einen Webanalysedienst der Google Inc. (\u201eGoogle\u201c). Google Analytics verwendet sog. \u201eCookies\u201c, Textdateien, die auf Ihrem Computer gespeichert werden und die eine Analyse der Benutzung der Website durch Sie erm\u00f6glichen. Die durch das Cookie erzeugten Informationen \u00fcber Ihre Benutzung dieser Website werden in der Regel an einen Server von Google in den USA \u00fcbertragen und dort gespeichert. Im Falle der Aktivierung der IP-Anonymisierung auf dieser Website, wird Ihre IP-Adresse von Google jedoch innerhalb von Mitgliedstaaten der Europ\u00e4ischen Union oder in anderen Vertragsstaaten des Abkommens \u00fcber den Europ\u00e4ischen Wirtschaftsraum zuvor gek\u00fcrzt. Nur in Ausnahmef\u00e4llen wird die volle IP-Adresse an einen Server von Google in den USA \u00fcbertragen und dort gek\u00fcrzt.<\/p>\n\n\n\n<p>Im Auftrag des Autors wird Google diese Informationen benutzen, um Ihre Nutzung der Website auszuwerten, um Reports \u00fcber die Websiteaktivit\u00e4ten zusammenzustellen und um weitere mit der Websitenutzung und der Internetnutzung verbundene Dienstleistungen gegen\u00fcber dem Websitebetreiber zu erbringen. Die im Rahmen von Google Analytics von Ihrem Browser \u00fcbermittelte IP-Adresse wird nicht mit anderen Daten von Google zusammengef\u00fchrt.<\/p>\n\n\n\n<p>Sie k\u00f6nnen die Speicherung der Cookies durch eine entsprechende Einstellung Ihrer Browser-Software verhindern. Sie k\u00f6nnen dar\u00fcber hinaus die Erfassung der durch das Cookie erzeugten und auf Ihre Nutzung der Website bezogenen Daten (inkl. Ihrer IP-Adresse) an Google sowie die Verarbeitung dieser Daten durch Google verhindern, indem Sie das unter dem folgenden Link&nbsp;<a href=\"http:\/\/tools.google.com\/dlpage\/gaoptout?hl=de\">http:\/\/tools.google.com\/dlpage\/gaoptout?hl=de<\/a>verf\u00fcgbare Browser-Plugin herunterladen und installieren.<\/p>\n\n\n\n<p>Sie k\u00f6nnen die Erfassung durch Google Analytics verhindern, indem Sie auf den folgenden Link klicken. Es wird ein Opt-Out-Cookie gesetzt, das die zuk\u00fcnftige Erfassung Ihrer Daten beim Besuch dieser Website verhindert:&nbsp;<a>Google Analytics deaktivieren<\/a>.<\/p>\n\n\n\n<p>N\u00e4here Informationen zu Nutzungsbedingungen und Datenschutz finden Sie unter&nbsp;<a href=\"http:\/\/www.google.com\/analytics\/terms\/de.html\">http:\/\/www.google.com\/analytics\/terms\/de.html<\/a>&nbsp;bzw. unter&nbsp;<a href=\"https:\/\/www.google.de\/intl\/de\/policies\/\">https:\/\/www.google.de\/intl\/de\/policies\/<\/a>.<\/p>\n\n\n\n<p>Wir weisen Sie darauf hin, dass auf dieser Website Google Analytics um den Code \u201eanonymizeIp\u201c erweitert wurde, um eine anonymisierte Erfassung von IP-Adressen (sog. IP-Masking) zu gew\u00e4hrleisten. Durch die Nutzung dieser Website erkl\u00e4ren Sie sich mit der Bearbeitung der \u00fcber Sie erhobenen Daten durch Google in der zuvor beschriebenen Art und Weise und zu dem zuvor benannten Zweck einverstanden.<\/p>\n\n\n\n<p>Quelle:&nbsp;<a href=\"http:\/\/www.datenschutzbeauftragter-info.de\/\">www.datenschutzbeauftragter-info.de<\/a><\/p>\n","protected":false},"excerpt":{"rendered":"<p>Autor, Konzeption, Gestaltung, Fotos, Umsetzung COMMWORK Werbeagentur GmbHDeichstra\u00dfe 36b \u00b7 20459 HamburgTelefon: 040 325553-33Telefax: 040 325553-34E-Mail:&nbsp;&#x69;&#110;&#x66;&#x6f;&#64;&#x63;&#x6f;&#109;&#x6d;&#x77;&#111;&#x72;&#x6b;&#46;&#x64;&#x65;Internet:&nbsp;www.commwork.de Haftungsausschluss Das Copyright dieser Internetpr\u00e4senz bleibt allein beim Autor. Der Autor beh\u00e4lt sich das Recht vor, Teile der Seiten ohne gesonderte Ank\u00fcndigung zu ver\u00e4ndern, zu erg\u00e4nzen, zu l\u00f6schen oder die Ver\u00f6ffentlichung zeitweise oder endg\u00fcltig einzustellen. Die Internetseite wurde mit [&hellip;]<\/p>\n","protected":false},"author":43,"featured_media":141679,"parent":0,"menu_order":0,"comment_status":"closed","ping_status":"closed","template":"","meta":{"inline_featured_image":false,"footnotes":""},"class_list":["post-141614","page","type-page","status-publish","has-post-thumbnail","hentry"],"acf":[],"_links":{"self":[{"href":"https:\/\/awo-ausbildung.de\/awo_azubihelden_unterfranken\/wp-json\/wp\/v2\/pages\/141614","targetHints":{"allow":["GET"]}}],"collection":[{"href":"https:\/\/awo-ausbildung.de\/awo_azubihelden_unterfranken\/wp-json\/wp\/v2\/pages"}],"about":[{"href":"https:\/\/awo-ausbildung.de\/awo_azubihelden_unterfranken\/wp-json\/wp\/v2\/types\/page"}],"author":[{"embeddable":true,"href":"https:\/\/awo-ausbildung.de\/awo_azubihelden_unterfranken\/wp-json\/wp\/v2\/users\/43"}],"replies":[{"embeddable":true,"href":"https:\/\/awo-ausbildung.de\/awo_azubihelden_unterfranken\/wp-json\/wp\/v2\/comments?post=141614"}],"version-history":[{"count":3,"href":"https:\/\/awo-ausbildung.de\/awo_azubihelden_unterfranken\/wp-json\/wp\/v2\/pages\/141614\/revisions"}],"predecessor-version":[{"id":141708,"href":"https:\/\/awo-ausbildung.de\/awo_azubihelden_unterfranken\/wp-json\/wp\/v2\/pages\/141614\/revisions\/141708"}],"wp:featuredmedia":[{"embeddable":true,"href":"https:\/\/awo-ausbildung.de\/awo_azubihelden_unterfranken\/wp-json\/wp\/v2\/media\/141679"}],"wp:attachment":[{"href":"https:\/\/awo-ausbildung.de\/awo_azubihelden_unterfranken\/wp-json\/wp\/v2\/media?parent=141614"}],"curies":[{"name":"wp","href":"https:\/\/api.w.org\/{rel}","templated":true}]}}